{"id":123,"date":"2023-07-20T16:05:19","date_gmt":"2023-07-20T14:05:19","guid":{"rendered":"http:\/\/p3013.webmo.me\/wpav\/wpav\/?page_id=123"},"modified":"2025-10-02T12:54:34","modified_gmt":"2025-10-02T10:54:34","slug":"accueil","status":"publish","type":"page","link":"https:\/\/harmoniser.fr\/wpav\/","title":{"rendered":"Accueil"},"content":{"rendered":"<p><img loading=\"lazy\" decoding=\"async\" class=\" wp-image-1321 aligncenter\" src=\"http:\/\/p3013.webmo.me\/wpav\/wpav\/wp-content\/uploads\/2023\/09\/chalet-Maurienne-1024x714.png\" alt=\"\" width=\"768\" height=\"535\" srcset=\"https:\/\/harmoniser.fr\/wpav\/wp-content\/uploads\/2023\/09\/chalet-Maurienne-1024x714.png 1024w, https:\/\/harmoniser.fr\/wpav\/wp-content\/uploads\/2023\/09\/chalet-Maurienne-600x418.png 600w, https:\/\/harmoniser.fr\/wpav\/wp-content\/uploads\/2023\/09\/chalet-Maurienne-300x209.png 300w, https:\/\/harmoniser.fr\/wpav\/wp-content\/uploads\/2023\/09\/chalet-Maurienne-768x535.png 768w, https:\/\/harmoniser.fr\/wpav\/wp-content\/uploads\/2023\/09\/chalet-Maurienne.png 1267w\" sizes=\"auto, (max-width: 768px) 100vw, 768px\" \/><\/p>\r\n<p>&nbsp;<\/p>\r\n<p style=\"text-align: center;\">Bienvenue aux utilisateurs d&#8217;<strong>harmonisateurs AVENI<\/strong>,<\/p>\r\n<p style=\"text-align: center;\">\u00a0Ces dispositifs ont \u00e9t\u00e9 invent\u00e9s par <a href=\"http:\/\/p3013.webmo.me\/wpav\/wpav\/dou-ca-vient\/\"><span style=\"color: #0000ff;\">Alexandre RUSANOV<\/span><\/a><\/p>\r\n<p style=\"text-align: center;\">\u00a0pour mieux supporter nos environnements.<\/p>\r\n<p style=\"text-align: center;\"><strong>Novices<\/strong>, <strong>confirm\u00e9s<\/strong> ou <strong>experts<\/strong>, ces pages vous sont consacr\u00e9es.<\/p>\r\n<p><strong>Vous pouvez<\/strong> :<\/p>\r\n<p><a href=\"http:\/\/p3013.webmo.me\/wpav\/determiner-de-quels-harmonisateurs-vous-avez-besoin\/mat_elec\/telephone\/\"><span style=\"color: #0000ff;\">&#8211; acheter un harmonisateur <strong>pour votre t\u00e9l\u00e9phone<\/strong><\/span><\/a><\/p>\r\n<p><a href=\"http:\/\/p3013.webmo.me\/wpav\/wpav\/boutique\/\"><span style=\"color: #0000ff;\">&#8211;\u00a0 voir d&#8217;autres produits dans la boutique<\/span><\/a><\/p>\r\n<p><a href=\"http:\/\/p3013.webmo.me\/wpav\/connaitre-les-prochaines-dates-des-viziooms-pour-echanger\/\"><span style=\"color: #0000ff;\">&#8211; vous inscrire aux zooms &#8220;infos produits&#8221; pour pouvoir poser vos questions en direct<\/span><\/a><\/p>\r\n<p><a href=\"http:\/\/p3013.webmo.me\/wpav\/connaitre-la-date-des-prochains-stages-pour-mieux-utiliser-les-produits\/\"><span style=\"color: #0000ff;\">&#8211; choisir votre stage<\/span><\/a><\/p>\r\n<p><a href=\"http:\/\/p3013.webmo.me\/wpav\/nous-contacter\/\"><span style=\"color: #0000ff;\">&#8211;\u00a0 poser vos questions<\/span><\/a><\/p>\r\n<p>&#8211; et bien plus encore !<\/p>\r\n<p>Vous pouvez b\u00e9n\u00e9ficier de <strong>tarifs pr\u00e9f\u00e9rentiels<\/strong> selon votre activit\u00e9 (adh\u00e9rents de certaines associations &#8211; professionnels &#8230;).<\/p>\r\n<p>Au plaisir de vous aider \u00e0 <strong>am\u00e9liorer votre environnement<\/strong>.<\/p>\r\n<p style=\"text-align: center;\"><img loading=\"lazy\" decoding=\"async\" class=\"wp-image-1909 alignright\" src=\"http:\/\/p3013.webmo.me\/wpav\/wpav\/wp-content\/uploads\/2023\/10\/Capture-decran-du-2023-10-08-22-53-43-1024x259.png\" alt=\"\" width=\"408\" height=\"103\" srcset=\"https:\/\/harmoniser.fr\/wpav\/wp-content\/uploads\/2023\/10\/Capture-decran-du-2023-10-08-22-53-43-1024x259.png 1024w, https:\/\/harmoniser.fr\/wpav\/wp-content\/uploads\/2023\/10\/Capture-decran-du-2023-10-08-22-53-43-600x152.png 600w, https:\/\/harmoniser.fr\/wpav\/wp-content\/uploads\/2023\/10\/Capture-decran-du-2023-10-08-22-53-43-300x76.png 300w, https:\/\/harmoniser.fr\/wpav\/wp-content\/uploads\/2023\/10\/Capture-decran-du-2023-10-08-22-53-43-768x194.png 768w, https:\/\/harmoniser.fr\/wpav\/wp-content\/uploads\/2023\/10\/Capture-decran-du-2023-10-08-22-53-43.png 1398w\" sizes=\"auto, (max-width: 408px) 100vw, 408px\" \/><\/p>\r\n<p style=\"text-align: center;\"><a href=\"http:\/\/p3013.webmo.me\/wpav\/a-quoi-ca-sert\/\"><em>suite<\/em> :\u00a0 &#8220;A quoi servent les harmonisateurs&#8221; ?<\/a><\/p>\r\n<p style=\"text-align: center;\"><span style=\"color: #999999;\"><img loading=\"lazy\" decoding=\"async\" class=\" wp-image-3292 aligncenter\" src=\"http:\/\/p3013.webmo.me\/wpav\/wpav\/wp-content\/uploads\/2024\/12\/france-300x291.jpg\" alt=\"\" width=\"411\" height=\"399\" srcset=\"https:\/\/harmoniser.fr\/wpav\/wp-content\/uploads\/2024\/12\/france-300x291.jpg 300w, https:\/\/harmoniser.fr\/wpav\/wp-content\/uploads\/2024\/12\/france-350x339.jpg 350w, https:\/\/harmoniser.fr\/wpav\/wp-content\/uploads\/2024\/12\/france.jpg 557w\" sizes=\"auto, (max-width: 411px) 100vw, 411px\" \/><\/span><\/p>\r\n<p style=\"text-align: center;\"><span style=\"color: #999999;\">\u00a0<\/span><span style=\"color: #999999;\">L&#8217;entreprise Avel Dour (avec ses revendeurs) est le distributeur officiel de dispositifs AVENI.IO sur la France. <\/span><\/p>\r\n<p style=\"text-align: center;\"><span style=\"color: #999999;\">Elle en partage l&#8217;exclusivit\u00e9 avec la SARL TELLUS <\/span><span style=\"color: #999999;\">et le site internet espagnol du fabricant : AVENI.IO<\/span><\/p>\r\n<p style=\"text-align: center;\">\u00a0<\/p>\r\n\r\n<p>&nbsp;<\/p>\r\n","protected":false},"excerpt":{"rendered":"<p>&nbsp; Bienvenue aux utilisateurs d&#8217;harmonisateurs AVENI, \u00a0Ces dispositifs ont \u00e9t\u00e9 invent\u00e9s par Alexandre RUSANOV \u00a0pour mieux supporter nos environnements. Novices, [&hellip;]<\/p>\n","protected":false},"author":2,"featured_media":0,"parent":0,"menu_order":12,"comment_status":"closed","ping_status":"closed","template":"","meta":{"site-sidebar-layout":"default","site-content-layout":"","ast-site-content-layout":"default","site-content-style":"default","site-sidebar-style":"default","ast-global-header-display":"","ast-banner-title-visibility":"","ast-main-header-display":"","ast-hfb-above-header-display":"","ast-hfb-below-header-display":"","ast-hfb-mobile-header-display":"","site-post-title":"","ast-breadcrumbs-content":"","ast-featured-img":"","footer-sml-layout":"","theme-transparent-header-meta":"default","adv-header-id-meta":"","stick-header-meta":"","header-above-stick-meta":"","header-main-stick-meta":"","header-below-stick-meta":"","astra-migrate-meta-layouts":"set","ast-page-background-enabled":"default","ast-page-background-meta":{"desktop":{"background-color":"var(--ast-global-color-5)","background-image":"","background-repeat":"repeat","background-position":"center center","background-size":"auto","background-attachment":"scroll","background-type":"","background-media":"","overlay-type":"","overlay-color":"","overlay-opacity":"","overlay-gradient":""},"tablet":{"background-color":"","background-image":"","background-repeat":"repeat","background-position":"center center","background-size":"auto","background-attachment":"scroll","background-type":"","background-media":"","overlay-type":"","overlay-color":"","overlay-opacity":"","overlay-gradient":""},"mobile":{"background-color":"","background-image":"","background-repeat":"repeat","background-position":"center center","background-size":"auto","background-attachment":"scroll","background-type":"","background-media":"","overlay-type":"","overlay-color":"","overlay-opacity":"","overlay-gradient":""}},"ast-content-background-meta":{"desktop":{"background-color":"var(--ast-global-color-4)","background-image":"","background-repeat":"repeat","background-position":"center center","background-size":"auto","background-attachment":"scroll","background-type":"","background-media":"","overlay-type":"","overlay-color":"","overlay-opacity":"","overlay-gradient":""},"tablet":{"background-color":"var(--ast-global-color-4)","background-image":"","background-repeat":"repeat","background-position":"center center","background-size":"auto","background-attachment":"scroll","background-type":"","background-media":"","overlay-type":"","overlay-color":"","overlay-opacity":"","overlay-gradient":""},"mobile":{"background-color":"var(--ast-global-color-4)","background-image":"","background-repeat":"repeat","background-position":"center center","background-size":"auto","background-attachment":"scroll","background-type":"","background-media":"","overlay-type":"","overlay-color":"","overlay-opacity":"","overlay-gradient":""}},"footnotes":""},"class_list":["post-123","page","type-page","status-publish","hentry"],"_links":{"self":[{"href":"https:\/\/harmoniser.fr\/wpav\/wp-json\/wp\/v2\/pages\/123","targetHints":{"allow":["GET"]}}],"collection":[{"href":"https:\/\/harmoniser.fr\/wpav\/wp-json\/wp\/v2\/pages"}],"about":[{"href":"https:\/\/harmoniser.fr\/wpav\/wp-json\/wp\/v2\/types\/page"}],"author":[{"embeddable":true,"href":"https:\/\/harmoniser.fr\/wpav\/wp-json\/wp\/v2\/users\/2"}],"replies":[{"embeddable":true,"href":"https:\/\/harmoniser.fr\/wpav\/wp-json\/wp\/v2\/comments?post=123"}],"version-history":[{"count":108,"href":"https:\/\/harmoniser.fr\/wpav\/wp-json\/wp\/v2\/pages\/123\/revisions"}],"predecessor-version":[{"id":6693,"href":"https:\/\/harmoniser.fr\/wpav\/wp-json\/wp\/v2\/pages\/123\/revisions\/6693"}],"wp:attachment":[{"href":"https:\/\/harmoniser.fr\/wpav\/wp-json\/wp\/v2\/media?parent=123"}],"curies":[{"name":"wp","href":"https:\/\/api.w.org\/{rel}","templated":true}]}}