{"id":128,"date":"2023-07-20T16:34:44","date_gmt":"2023-07-20T14:34:44","guid":{"rendered":"http:\/\/p3013.webmo.me\/wpav\/wpav\/?page_id=128"},"modified":"2026-05-12T04:09:12","modified_gmt":"2026-05-12T02:09:12","slug":"telephone","status":"publish","type":"page","link":"https:\/\/harmoniser.fr\/wpav\/determiner-de-quels-harmonisateurs-vous-avez-besoin\/mat_elec\/telephone\/","title":{"rendered":"Harmoniser un t\u00e9l\u00e9phone"},"content":{"rendered":"<p style=\"text-align: center;\">Vous pouvez cliquer sur la photo correspondant \u00e0 votre t\u00e9l\u00e9phone<\/p>\n<p style=\"text-align: center;\">pour acc\u00e9der \u00e0 la r\u00e9f\u00e9rence.<\/p>\n<p>&nbsp;<\/p>\n<h3 style=\"text-align: center;\">Pour un smartphone jusqu&#8217;\u00e0 5 G :<\/h3>\n<p style=\"text-align: center;\">Coller un <strong>AVO-55<\/strong> au dos de l&#8217;appareil.<\/p>\n<p><a href=\"https:\/\/harmoniser.fr\/wpav\/produit\/avo-55\/\"><img loading=\"lazy\" decoding=\"async\" class=\"wp-image-4559 aligncenter\" src=\"http:\/\/p3013.webmo.me\/wpav\/wpav\/wp-content\/uploads\/2025\/08\/Capture-decran-du-2025-08-31-18-15-20.png\" alt=\"\" width=\"299\" height=\"345\" srcset=\"https:\/\/harmoniser.fr\/wpav\/wp-content\/uploads\/2025\/08\/Capture-decran-du-2025-08-31-18-15-20.png 393w, https:\/\/harmoniser.fr\/wpav\/wp-content\/uploads\/2025\/08\/Capture-decran-du-2025-08-31-18-15-20-260x300.png 260w\" sizes=\"auto, (max-width: 299px) 100vw, 299px\" \/><\/a><\/p>\n<p style=\"text-align: center;\">(non compatible avec la recharge par induction &#8211; recharge sans fil &#8211;<\/p>\n<p style=\"text-align: center;\">parce que c&#8217;est le m\u00eame emplacement qui est utilis\u00e9).<\/p>\n<p>&nbsp;<\/p>\n<hr \/>\n<h3 style=\"text-align: center;\">Un t\u00e9l\u00e9phone portable sans Wi-Fi ni Bluetooth :<\/h3>\n<p><a href=\"https:\/\/harmoniser.fr\/wpav\/produit\/avl-68\/\"><img loading=\"lazy\" decoding=\"async\" class=\" wp-image-4566 aligncenter\" src=\"http:\/\/p3013.webmo.me\/wpav\/wpav\/wp-content\/uploads\/2025\/08\/Screenshot-2025-08-31-183727.png\" alt=\"\" width=\"374\" height=\"314\" srcset=\"https:\/\/harmoniser.fr\/wpav\/wp-content\/uploads\/2025\/08\/Screenshot-2025-08-31-183727.png 413w, https:\/\/harmoniser.fr\/wpav\/wp-content\/uploads\/2025\/08\/Screenshot-2025-08-31-183727-300x252.png 300w\" sizes=\"auto, (max-width: 374px) 100vw, 374px\" \/><\/a><\/p>\n<p>&nbsp;<\/p>\n<p style=\"text-align: center;\">Un doming rectangle <a href=\"https:\/\/harmoniser.fr\/wpav\/produit\/avl-68\/\">AVL-68<\/a> \u00e0 coller au dos du t\u00e9l\u00e9phone<\/p>\n<hr \/>\n<h3 style=\"text-align: center;\">Pour un t\u00e9l\u00e9phone sans fil de maison (DECT) :<\/h3>\n<p><a href=\"https:\/\/harmoniser.fr\/wpav\/produit\/pa-29\/\"><img loading=\"lazy\" decoding=\"async\" class=\"size-full wp-image-4560 aligncenter\" src=\"https:\/\/harmoniser.fr\/wpav\/wp-content\/uploads\/2025\/08\/Capture-decran-du-2025-08-31-18-16-02.png\" alt=\"\" width=\"262\" height=\"397\" srcset=\"https:\/\/harmoniser.fr\/wpav\/wp-content\/uploads\/2025\/08\/Capture-decran-du-2025-08-31-18-16-02.png 262w, https:\/\/harmoniser.fr\/wpav\/wp-content\/uploads\/2025\/08\/Capture-decran-du-2025-08-31-18-16-02-198x300.png 198w\" sizes=\"auto, (max-width: 262px) 100vw, 262px\" \/><\/a><\/p>\n<p style=\"text-align: center;\">\u00a0un petit doming rond <strong>AVO-29<\/strong> coll\u00e9 sur la base (celle reli\u00e9e au r\u00e9seau t\u00e9l\u00e9com).<\/p>\n<p>&nbsp;<\/p>\n<hr \/>\n<p style=\"text-align: center;\"><a href=\"https:\/\/harmoniser.fr\/wpav\/determiner-de-quels-harmonisateurs-vous-avez-besoin\/\"><span style=\"color: #0000ff;\">voir plus de produits<\/span><\/a><\/p>\n","protected":false},"excerpt":{"rendered":"<p>Vous pouvez cliquer sur la photo correspondant \u00e0 votre t\u00e9l\u00e9phone pour acc\u00e9der \u00e0 la r\u00e9f\u00e9rence. &nbsp; Pour un smartphone jusqu&#8217;\u00e0 [&hellip;]<\/p>\n","protected":false},"author":2,"featured_media":0,"parent":126,"menu_order":1,"comment_status":"closed","ping_status":"closed","template":"","meta":{"site-sidebar-layout":"default","site-content-layout":"","ast-site-content-layout":"default","site-content-style":"default","site-sidebar-style":"default","ast-global-header-display":"","ast-banner-title-visibility":"","ast-main-header-display":"","ast-hfb-above-header-display":"","ast-hfb-below-header-display":"","ast-hfb-mobile-header-display":"","site-post-title":"","ast-breadcrumbs-content":"","ast-featured-img":"","footer-sml-layout":"","theme-transparent-header-meta":"default","adv-header-id-meta":"","stick-header-meta":"","header-above-stick-meta":"","header-main-stick-meta":"","header-below-stick-meta":"","astra-migrate-meta-layouts":"set","ast-page-background-enabled":"default","ast-page-background-meta":{"desktop":{"background-color":"var(--ast-global-color-5)","background-image":"","background-repeat":"repeat","background-position":"center center","background-size":"auto","background-attachment":"scroll","background-type":"","background-media":"","overlay-type":"","overlay-color":"","overlay-opacity":"","overlay-gradient":""},"tablet":{"background-color":"","background-image":"","background-repeat":"repeat","background-position":"center center","background-size":"auto","background-attachment":"scroll","background-type":"","background-media":"","overlay-type":"","overlay-color":"","overlay-opacity":"","overlay-gradient":""},"mobile":{"background-color":"","background-image":"","background-repeat":"repeat","background-position":"center center","background-size":"auto","background-attachment":"scroll","background-type":"","background-media":"","overlay-type":"","overlay-color":"","overlay-opacity":"","overlay-gradient":""}},"ast-content-background-meta":{"desktop":{"background-color":"var(--ast-global-color-4)","background-image":"","background-repeat":"repeat","background-position":"center center","background-size":"auto","background-attachment":"scroll","background-type":"","background-media":"","overlay-type":"","overlay-color":"","overlay-opacity":"","overlay-gradient":""},"tablet":{"background-color":"var(--ast-global-color-4)","background-image":"","background-repeat":"repeat","background-position":"center center","background-size":"auto","background-attachment":"scroll","background-type":"","background-media":"","overlay-type":"","overlay-color":"","overlay-opacity":"","overlay-gradient":""},"mobile":{"background-color":"var(--ast-global-color-4)","background-image":"","background-repeat":"repeat","background-position":"center center","background-size":"auto","background-attachment":"scroll","background-type":"","background-media":"","overlay-type":"","overlay-color":"","overlay-opacity":"","overlay-gradient":""}},"footnotes":""},"class_list":["post-128","page","type-page","status-publish","hentry"],"_links":{"self":[{"href":"https:\/\/harmoniser.fr\/wpav\/wp-json\/wp\/v2\/pages\/128","targetHints":{"allow":["GET"]}}],"collection":[{"href":"https:\/\/harmoniser.fr\/wpav\/wp-json\/wp\/v2\/pages"}],"about":[{"href":"https:\/\/harmoniser.fr\/wpav\/wp-json\/wp\/v2\/types\/page"}],"author":[{"embeddable":true,"href":"https:\/\/harmoniser.fr\/wpav\/wp-json\/wp\/v2\/users\/2"}],"replies":[{"embeddable":true,"href":"https:\/\/harmoniser.fr\/wpav\/wp-json\/wp\/v2\/comments?post=128"}],"version-history":[{"count":36,"href":"https:\/\/harmoniser.fr\/wpav\/wp-json\/wp\/v2\/pages\/128\/revisions"}],"predecessor-version":[{"id":6670,"href":"https:\/\/harmoniser.fr\/wpav\/wp-json\/wp\/v2\/pages\/128\/revisions\/6670"}],"up":[{"embeddable":true,"href":"https:\/\/harmoniser.fr\/wpav\/wp-json\/wp\/v2\/pages\/126"}],"wp:attachment":[{"href":"https:\/\/harmoniser.fr\/wpav\/wp-json\/wp\/v2\/media?parent=128"}],"curies":[{"name":"wp","href":"https:\/\/api.w.org\/{rel}","templated":true}]}}