{"id":1550,"date":"2023-09-15T16:07:09","date_gmt":"2023-09-15T14:07:09","guid":{"rendered":"http:\/\/p3013.webmo.me\/wpav\/?page_id=1550"},"modified":"2026-05-12T03:11:15","modified_gmt":"2026-05-12T01:11:15","slug":"precision-sur-les-dispositifs","status":"publish","type":"page","link":"https:\/\/harmoniser.fr\/wpav\/precision-sur-les-dispositifs\/","title":{"rendered":"Petites pr\u00e9cisions sur les harmonisateurs AVENI"},"content":{"rendered":"<p style=\"text-align: center;\">Ils ne contiennent ni alimentation \u00e9lectrique, ni circuit \u00e9lectronique, ni m\u00e9taux.<br \/>\nIls ne comportent pas de cristaux reconnus pour leur tendance \u00e0 se charger.<br \/>\nIls n&#8217;interf\u00e8rent pas avec le bon fonctionnement \u00e9lectronique des appareils.<br \/>\nIls ne d\u00e9vient pas les nuisances.<\/p>\n<p align=\"center\"><a href=\"https:\/\/harmoniser.fr\/wpav\/dou-ca-vient\/\"><span style=\"color: #0000ff;\"><em>suite<\/em> : &#8220;D&#8217;o\u00f9 \u00e7a vient&#8221; ?<\/span><\/a><\/p>\n<p align=\"center\"><img loading=\"lazy\" decoding=\"async\" class=\"size-full wp-image-1330 aligncenter\" src=\"https:\/\/harmoniser.fr\/wpav\/wp-content\/uploads\/2023\/09\/graminees.png\" alt=\"\" width=\"554\" height=\"724\" srcset=\"https:\/\/harmoniser.fr\/wpav\/wp-content\/uploads\/2023\/09\/graminees.png 554w, https:\/\/harmoniser.fr\/wpav\/wp-content\/uploads\/2023\/09\/graminees-350x457.png 350w, https:\/\/harmoniser.fr\/wpav\/wp-content\/uploads\/2023\/09\/graminees-230x300.png 230w\" sizes=\"auto, (max-width: 554px) 100vw, 554px\" \/><\/p>\n","protected":false},"excerpt":{"rendered":"<p>Ils ne contiennent ni alimentation \u00e9lectrique, ni circuit \u00e9lectronique, ni m\u00e9taux. Ils ne comportent pas de cristaux reconnus pour leur [&hellip;]<\/p>\n","protected":false},"author":2,"featured_media":0,"parent":0,"menu_order":0,"comment_status":"closed","ping_status":"closed","template":"","meta":{"site-sidebar-layout":"default","site-content-layout":"","ast-site-content-layout":"default","site-content-style":"default","site-sidebar-style":"default","ast-global-header-display":"","ast-banner-title-visibility":"","ast-main-header-display":"","ast-hfb-above-header-display":"","ast-hfb-below-header-display":"","ast-hfb-mobile-header-display":"","site-post-title":"","ast-breadcrumbs-content":"","ast-featured-img":"","footer-sml-layout":"","theme-transparent-header-meta":"default","adv-header-id-meta":"","stick-header-meta":"","header-above-stick-meta":"","header-main-stick-meta":"","header-below-stick-meta":"","astra-migrate-meta-layouts":"set","ast-page-background-enabled":"default","ast-page-background-meta":{"desktop":{"background-color":"var(--ast-global-color-5)","background-image":"","background-repeat":"repeat","background-position":"center center","background-size":"auto","background-attachment":"scroll","background-type":"","background-media":"","overlay-type":"","overlay-color":"","overlay-opacity":"","overlay-gradient":""},"tablet":{"background-color":"","background-image":"","background-repeat":"repeat","background-position":"center center","background-size":"auto","background-attachment":"scroll","background-type":"","background-media":"","overlay-type":"","overlay-color":"","overlay-opacity":"","overlay-gradient":""},"mobile":{"background-color":"","background-image":"","background-repeat":"repeat","background-position":"center center","background-size":"auto","background-attachment":"scroll","background-type":"","background-media":"","overlay-type":"","overlay-color":"","overlay-opacity":"","overlay-gradient":""}},"ast-content-background-meta":{"desktop":{"background-color":"var(--ast-global-color-4)","background-image":"","background-repeat":"repeat","background-position":"center center","background-size":"auto","background-attachment":"scroll","background-type":"","background-media":"","overlay-type":"","overlay-color":"","overlay-opacity":"","overlay-gradient":""},"tablet":{"background-color":"var(--ast-global-color-4)","background-image":"","background-repeat":"repeat","background-position":"center center","background-size":"auto","background-attachment":"scroll","background-type":"","background-media":"","overlay-type":"","overlay-color":"","overlay-opacity":"","overlay-gradient":""},"mobile":{"background-color":"var(--ast-global-color-4)","background-image":"","background-repeat":"repeat","background-position":"center center","background-size":"auto","background-attachment":"scroll","background-type":"","background-media":"","overlay-type":"","overlay-color":"","overlay-opacity":"","overlay-gradient":""}},"footnotes":""},"class_list":["post-1550","page","type-page","status-publish","hentry"],"_links":{"self":[{"href":"https:\/\/harmoniser.fr\/wpav\/wp-json\/wp\/v2\/pages\/1550","targetHints":{"allow":["GET"]}}],"collection":[{"href":"https:\/\/harmoniser.fr\/wpav\/wp-json\/wp\/v2\/pages"}],"about":[{"href":"https:\/\/harmoniser.fr\/wpav\/wp-json\/wp\/v2\/types\/page"}],"author":[{"embeddable":true,"href":"https:\/\/harmoniser.fr\/wpav\/wp-json\/wp\/v2\/users\/2"}],"replies":[{"embeddable":true,"href":"https:\/\/harmoniser.fr\/wpav\/wp-json\/wp\/v2\/comments?post=1550"}],"version-history":[{"count":5,"href":"https:\/\/harmoniser.fr\/wpav\/wp-json\/wp\/v2\/pages\/1550\/revisions"}],"predecessor-version":[{"id":6659,"href":"https:\/\/harmoniser.fr\/wpav\/wp-json\/wp\/v2\/pages\/1550\/revisions\/6659"}],"wp:attachment":[{"href":"https:\/\/harmoniser.fr\/wpav\/wp-json\/wp\/v2\/media?parent=1550"}],"curies":[{"name":"wp","href":"https:\/\/api.w.org\/{rel}","templated":true}]}}