{"id":159,"date":"2023-09-09T16:13:30","date_gmt":"2023-09-09T14:13:30","guid":{"rendered":"http:\/\/p3013.webmo.me\/wpav\/wpav\/?page_id=159"},"modified":"2026-02-11T13:47:04","modified_gmt":"2026-02-11T12:47:04","slug":"remboursements_retours","status":"publish","type":"page","link":"https:\/\/harmoniser.fr\/wpav\/remboursements_retours\/","title":{"rendered":"Conditions G\u00e9n\u00e9rales de Ventes"},"content":{"rendered":"<header class=\"page-header\">\n<h1>Conditions G\u00e9n\u00e9rales de Vente<\/h1>\n<p>Tout Client proc\u00e9dant \u00e0 une commande s\u2019engage \u00e0 respecter sans r\u00e9serve, les pr\u00e9sentes CGV.<\/p>\n<\/header>\n<section id=\"content\" class=\"page-content page-cms page-cms-3\">L&#8217;entreprise AVEL DOUR transmet les commandes \u00e0 la Soci\u00e9t\u00e9 AVENI.IO qui re\u00e7oit vos virements et assure les exp\u00e9ditions. Ce sont donc les Conditions G\u00e9n\u00e9rales de Ventes de la soci\u00e9t\u00e9 AVENI.IO qui s&#8217;appliquent dans ce cas.<\/section>\n<section><\/section>\n<section><\/section>\n<section><strong>Prix :<\/strong><\/section>\n<section><\/section>\n<section><\/section>\n<section class=\"page-content page-cms page-cms-3\">Les prix de vente sont indiqu\u00e9s, pour chacun des produits en euros toutes taxes comprises (TTC), hors frais de livraison et de transport mentionn\u00e9s avant validation de la commande et factur\u00e9s en suppl\u00e9ment. Si la commande pass\u00e9e en ligne est sup\u00e9rieure \u00e0 200,00 \u20ac (apr\u00e8s avoir d\u00e9duit vos \u00e9ventuelles r\u00e9ductions) les frais de port sont offerts.<\/section>\n<p>La soci\u00e9t\u00e9 se r\u00e9serve le droit de modifier ses prix \u00e0 tout moment, tout en garantissant au consommateur l\u2019application du prix en vigueur au jour de la commande.<\/p>\n<section class=\"page-content page-cms page-cms-3\"><strong>Conditions :<\/strong><\/section>\n<section class=\"page-content page-cms page-cms-3\">Les jours ouvr\u00e9s, la commande est enregistr\u00e9e dans le 24 heures apr\u00e8s sa r\u00e9ception et l\u2019envoi est effectu\u00e9 dans les 24 heures suivant son r\u00e8glement, pour les produits en stock. La vente est consid\u00e9r\u00e9e comme d\u00e9finitive \u00e0 la r\u00e9ception du paiement. Le d\u00e9lai de livraison varie de 3 \u00e0 7 jours, selon la destination.L&#8217;entreprise se r\u00e9serve le droit d\u2019accepter ou non, la modification d\u2019une commande d\u2019un client apr\u00e8s sa confirmation.<\/p>\n<p><strong>Propri\u00e9t\u00e9 :<\/strong><\/p>\n<p>Les produits deviennent la propri\u00e9t\u00e9 du client au jour et heure de l\u2019exp\u00e9dition.<\/p>\n<p><strong>Transport :<\/strong><\/p>\n<p>Quel que soit le mode de transport choisi, les produits voyagent aux risques et p\u00e9rils du destinataire.<\/p>\n<p><strong>R\u00e9clamations :<\/strong><\/p>\n<p>Les r\u00e9clamations doivent \u00eatre faites au plus tard dans les trois jours suivant la r\u00e9ception des produits, par message mail ou par t\u00e9l\u00e9phone.\u00a0 Aucun retour ne pourra s\u2019effectuer sans notre autorisation pr\u00e9alable. En cas d&#8217;erreur de livraison imputable \u00e0 la soci\u00e9t\u00e9 AVENI.IO, les produits intacts seront repris et remplac\u00e9s sans aucun frais suppl\u00e9mentaire.<\/p>\n<p><strong>Droit applicable :<\/strong><\/p>\n<p>Toute vente est r\u00e9put\u00e9e avoir lieu en Espagne. Elle est soumise exclusivement au droit espagnol et \u00e0 la seule comp\u00e9tence des tribunaux de cet \u00c9tat. Il n\u2019existe ni modification, ni d\u00e9rogation \u00e0 cette clause attributive de juridiction.<\/p>\n<p>La Soci\u00e9t\u00e9 AVENI.IO se r\u00e9serve le droit, \u00e0 tout moment, de modifier les CONDITIONS G\u00c9N\u00c9RALES DE VENTE. Nous vous conseillons de consulter r\u00e9guli\u00e8rement cette page pour v\u00e9rifier la mise \u00e0 jour de celle-ci. Les clients disposant d\u2019un compte seront toutefois notifi\u00e9 par e-mail des\u00a0 modifications.<br \/>\nEn cas de modification des CGV, les conditions applicables restent celles qui \u00e9taient en vigueur au moment de la commande faite par le Client.<\/p>\n<p>Soci\u00e9t\u00e9 AVENI.IO &#8211; Calle Pitor Sorolla 4 Bajo &#8211; 46780 OLIVA &#8211; Espagne<br \/>\nCode d\u2019Identification Fiscale Soci\u00e9t\u00e9\u00a0\u00a0\u00a0 AVENI.IO \u00a0 :\u00a0\u00a0\u00a0 CIF: B-16806846<\/p>\n<\/section>\n","protected":false},"excerpt":{"rendered":"<p>Conditions G\u00e9n\u00e9rales de Vente Tout Client proc\u00e9dant \u00e0 une commande s\u2019engage \u00e0 respecter sans r\u00e9serve, les pr\u00e9sentes CGV. L&#8217;entreprise AVEL [&hellip;]<\/p>\n","protected":false},"author":2,"featured_media":0,"parent":0,"menu_order":0,"comment_status":"closed","ping_status":"closed","template":"","meta":{"site-sidebar-layout":"default","site-content-layout":"","ast-site-content-layout":"default","site-content-style":"default","site-sidebar-style":"default","ast-global-header-display":"","ast-banner-title-visibility":"","ast-main-header-display":"","ast-hfb-above-header-display":"","ast-hfb-below-header-display":"","ast-hfb-mobile-header-display":"","site-post-title":"","ast-breadcrumbs-content":"","ast-featured-img":"","footer-sml-layout":"","theme-transparent-header-meta":"","adv-header-id-meta":"","stick-header-meta":"","header-above-stick-meta":"","header-main-stick-meta":"","header-below-stick-meta":"","astra-migrate-meta-layouts":"default","ast-page-background-enabled":"default","ast-page-background-meta":{"desktop":{"background-color":"var(--ast-global-color-5)","background-image":"","background-repeat":"repeat","background-position":"center center","background-size":"auto","background-attachment":"scroll","background-type":"","background-media":"","overlay-type":"","overlay-color":"","overlay-opacity":"","overlay-gradient":""},"tablet":{"background-color":"","background-image":"","background-repeat":"repeat","background-position":"center center","background-size":"auto","background-attachment":"scroll","background-type":"","background-media":"","overlay-type":"","overlay-color":"","overlay-opacity":"","overlay-gradient":""},"mobile":{"background-color":"","background-image":"","background-repeat":"repeat","background-position":"center center","background-size":"auto","background-attachment":"scroll","background-type":"","background-media":"","overlay-type":"","overlay-color":"","overlay-opacity":"","overlay-gradient":""}},"ast-content-background-meta":{"desktop":{"background-color":"var(--ast-global-color-4)","background-image":"","background-repeat":"repeat","background-position":"center center","background-size":"auto","background-attachment":"scroll","background-type":"","background-media":"","overlay-type":"","overlay-color":"","overlay-opacity":"","overlay-gradient":""},"tablet":{"background-color":"var(--ast-global-color-4)","background-image":"","background-repeat":"repeat","background-position":"center center","background-size":"auto","background-attachment":"scroll","background-type":"","background-media":"","overlay-type":"","overlay-color":"","overlay-opacity":"","overlay-gradient":""},"mobile":{"background-color":"var(--ast-global-color-4)","background-image":"","background-repeat":"repeat","background-position":"center center","background-size":"auto","background-attachment":"scroll","background-type":"","background-media":"","overlay-type":"","overlay-color":"","overlay-opacity":"","overlay-gradient":""}},"footnotes":""},"class_list":["post-159","page","type-page","status-publish","hentry"],"_links":{"self":[{"href":"https:\/\/harmoniser.fr\/wpav\/wp-json\/wp\/v2\/pages\/159","targetHints":{"allow":["GET"]}}],"collection":[{"href":"https:\/\/harmoniser.fr\/wpav\/wp-json\/wp\/v2\/pages"}],"about":[{"href":"https:\/\/harmoniser.fr\/wpav\/wp-json\/wp\/v2\/types\/page"}],"author":[{"embeddable":true,"href":"https:\/\/harmoniser.fr\/wpav\/wp-json\/wp\/v2\/users\/2"}],"replies":[{"embeddable":true,"href":"https:\/\/harmoniser.fr\/wpav\/wp-json\/wp\/v2\/comments?post=159"}],"version-history":[{"count":9,"href":"https:\/\/harmoniser.fr\/wpav\/wp-json\/wp\/v2\/pages\/159\/revisions"}],"predecessor-version":[{"id":5890,"href":"https:\/\/harmoniser.fr\/wpav\/wp-json\/wp\/v2\/pages\/159\/revisions\/5890"}],"wp:attachment":[{"href":"https:\/\/harmoniser.fr\/wpav\/wp-json\/wp\/v2\/media?parent=159"}],"curies":[{"name":"wp","href":"https:\/\/api.w.org\/{rel}","templated":true}]}}