{"id":42,"date":"2023-07-20T14:31:21","date_gmt":"2023-07-20T12:31:21","guid":{"rendered":"http:\/\/p3013.webmo.me\/wpav\/wpav\/?page_id=42"},"modified":"2026-04-26T18:50:56","modified_gmt":"2026-04-26T16:50:56","slug":"acceder-a-la-presentation-des-dispositifs-dans-leur-derniere-version","status":"publish","type":"page","link":"https:\/\/harmoniser.fr\/wpav\/acceder-a-la-presentation-des-dispositifs-dans-leur-derniere-version\/","title":{"rendered":"Les pages de pr\u00e9sentation"},"content":{"rendered":"\n<p><p>Si votre ordinateur n&#8217;est pas encore harmonis\u00e9 et que vous \u00eates plus \u00e0 l&#8217;aise \u00e0 lire des documents papier que de rester devant un \u00e9cran,\u00a0 vous pouvez <strong>t\u00e9l\u00e9charger et imprimer ces pages<\/strong> de pr\u00e9sentation ainsi que le bon de commande \u00e0 remplir au stylo ou au clavier. Pour commander, il est possible de nous le renvoyer scann\u00e9 par mail ou directement par la poste (\u00e0 l&#8217;adresse en France fournie sur demande). Si vous souhaitez informer votre entourage, vous pouvez aussi remettre ces documents imprim\u00e9s \u00e0 une personne sensible aux ondes ou aux personnes qui viennent vous consulter.<\/p><br><div class=\"sdm_download_item \"><div class=\"sdm_download_item_top\"><div class=\"sdm_download_thumbnail\"><img decoding=\"async\" class=\"sdm_download_thumbnail_image\" src=\"https:\/\/harmoniser.fr\/wpav\/wp-content\/uploads\/2026\/04\/OIP2.jpg\" alt = \"Catalogue avril 2026\" \/><\/div><div class=\"sdm_download_title\">Catalogue avril 2026<\/div><\/div><div style=\"clear:both;\"><\/div><div class=\"sdm_download_description\"><p>Catalogue au format PDF<\/p>\n<\/div><div class=\"sdm_download_size\"><span class=\"sdm_download_size_label\">Taille\u00a0: <\/span><span class=\"sdm_download_size_value\">2 Mo<\/span><\/div><div class=\"sdm_download_version\"><span class=\"sdm_download_version_label\">Version\u00a0: <\/span><span class=\"sdm_download_version_value\">V6 avril 2026<\/span><\/div><div class=\"sdm_download_link\"><span class=\"sdm_download_button\"><a href=\"https:\/\/harmoniser.fr\/wpav\/?sdm_process_download=1&download_id=5156\" class=\"sdm_download green\" title=\"Catalogue avril 2026\" target=\"_self\">T\u00e9l\u00e9charger<\/a><\/span><span class=\"sdm_download_item_count\"><span class=\"sdm_item_count_number\">281<\/span><span class=\"sdm_item_count_string\"> T\u00e9l\u00e9chargements<\/span><\/span><\/div><\/div><div class=\"sdm_clear_float\"><\/div><\/p>\n\n\n<p>&nbsp;<\/p>\n\n\n\n<hr class=\"wp-block-separator has-alpha-channel-opacity\" \/>\r\n<p>&nbsp;<\/p>\r\n<div class=\"sdm_download_item \"><div class=\"sdm_download_item_top\"><div class=\"sdm_download_thumbnail\"><img decoding=\"async\" class=\"sdm_download_thumbnail_image\" src=\"https:\/\/harmoniser.fr\/wpav\/wp-content\/uploads\/2026\/04\/OIP2.jpg\" alt = \"Bon de commande \u00e0 remplir au stylo\" \/><\/div><div class=\"sdm_download_title\">Bon de commande \u00e0 remplir au stylo<\/div><\/div><div style=\"clear:both;\"><\/div><div class=\"sdm_download_description\"><p>A imprimer et \u00e0 remplir au stylo<\/p>\n<\/div><div class=\"sdm_download_link\"><span class=\"sdm_download_button\"><a href=\"https:\/\/harmoniser.fr\/wpav\/?sdm_process_download=1&download_id=4941\" class=\"sdm_download green\" title=\"Bon de commande \u00e0 remplir au stylo\" target=\"_self\">T\u00e9l\u00e9charger<\/a><\/span><span class=\"sdm_download_item_count\"><span class=\"sdm_item_count_number\">141<\/span><span class=\"sdm_item_count_string\"> T\u00e9l\u00e9chargements<\/span><\/span><\/div><\/div><div class=\"sdm_clear_float\"><\/div>\r\n<p>&nbsp;<\/p>\r\n<hr \/>\r\n<div class=\"sdm_download_item \"><div class=\"sdm_download_item_top\"><div class=\"sdm_download_thumbnail\"><img decoding=\"async\" class=\"sdm_download_thumbnail_image\" src=\"https:\/\/harmoniser.fr\/wpav\/wp-content\/uploads\/2026\/04\/OIP.jpg\" alt = \"Bon de commande \u00e0 remplir au clavier (fichier Excel .xls)\" \/><\/div><div class=\"sdm_download_title\">Bon de commande \u00e0 remplir au clavier (fichier Excel .xls)<\/div><\/div><div style=\"clear:both;\"><\/div><div class=\"sdm_download_description\"><p>A remplir au clavier<\/p>\n<\/div><div class=\"sdm_download_link\"><span class=\"sdm_download_button\"><a href=\"https:\/\/harmoniser.fr\/wpav\/?sdm_process_download=1&download_id=6409\" class=\"sdm_download green\" title=\"Bon de commande \u00e0 remplir au clavier (fichier Excel .xls)\" target=\"_self\">T\u00e9l\u00e9charger<\/a><\/span><span class=\"sdm_download_item_count\"><span class=\"sdm_item_count_number\">12<\/span><span class=\"sdm_item_count_string\"> T\u00e9l\u00e9chargements<\/span><\/span><\/div><\/div><div class=\"sdm_clear_float\"><\/div>\n","protected":false},"excerpt":{"rendered":"<p>Si votre ordinateur n&#8217;est pas encore harmonis\u00e9 et que vous \u00eates plus \u00e0 l&#8217;aise \u00e0 lire des documents papier que [&hellip;]<\/p>\n","protected":false},"author":2,"featured_media":0,"parent":0,"menu_order":13,"comment_status":"closed","ping_status":"closed","template":"","meta":{"site-sidebar-layout":"default","site-content-layout":"","ast-site-content-layout":"default","site-content-style":"default","site-sidebar-style":"default","ast-global-header-display":"","ast-banner-title-visibility":"","ast-main-header-display":"","ast-hfb-above-header-display":"","ast-hfb-below-header-display":"","ast-hfb-mobile-header-display":"","site-post-title":"","ast-breadcrumbs-content":"","ast-featured-img":"","footer-sml-layout":"","theme-transparent-header-meta":"default","adv-header-id-meta":"","stick-header-meta":"","header-above-stick-meta":"","header-main-stick-meta":"","header-below-stick-meta":"","astra-migrate-meta-layouts":"set","ast-page-background-enabled":"default","ast-page-background-meta":{"desktop":{"background-color":"var(--ast-global-color-5)","background-image":"","background-repeat":"repeat","background-position":"center center","background-size":"auto","background-attachment":"scroll","background-type":"","background-media":"","overlay-type":"","overlay-color":"","overlay-opacity":"","overlay-gradient":""},"tablet":{"background-color":"","background-image":"","background-repeat":"repeat","background-position":"center center","background-size":"auto","background-attachment":"scroll","background-type":"","background-media":"","overlay-type":"","overlay-color":"","overlay-opacity":"","overlay-gradient":""},"mobile":{"background-color":"","background-image":"","background-repeat":"repeat","background-position":"center center","background-size":"auto","background-attachment":"scroll","background-type":"","background-media":"","overlay-type":"","overlay-color":"","overlay-opacity":"","overlay-gradient":""}},"ast-content-background-meta":{"desktop":{"background-color":"var(--ast-global-color-4)","background-image":"","background-repeat":"repeat","background-position":"center center","background-size":"auto","background-attachment":"scroll","background-type":"","background-media":"","overlay-type":"","overlay-color":"","overlay-opacity":"","overlay-gradient":""},"tablet":{"background-color":"var(--ast-global-color-4)","background-image":"","background-repeat":"repeat","background-position":"center center","background-size":"auto","background-attachment":"scroll","background-type":"","background-media":"","overlay-type":"","overlay-color":"","overlay-opacity":"","overlay-gradient":""},"mobile":{"background-color":"var(--ast-global-color-4)","background-image":"","background-repeat":"repeat","background-position":"center center","background-size":"auto","background-attachment":"scroll","background-type":"","background-media":"","overlay-type":"","overlay-color":"","overlay-opacity":"","overlay-gradient":""}},"footnotes":""},"class_list":["post-42","page","type-page","status-publish","hentry"],"_links":{"self":[{"href":"https:\/\/harmoniser.fr\/wpav\/wp-json\/wp\/v2\/pages\/42","targetHints":{"allow":["GET"]}}],"collection":[{"href":"https:\/\/harmoniser.fr\/wpav\/wp-json\/wp\/v2\/pages"}],"about":[{"href":"https:\/\/harmoniser.fr\/wpav\/wp-json\/wp\/v2\/types\/page"}],"author":[{"embeddable":true,"href":"https:\/\/harmoniser.fr\/wpav\/wp-json\/wp\/v2\/users\/2"}],"replies":[{"embeddable":true,"href":"https:\/\/harmoniser.fr\/wpav\/wp-json\/wp\/v2\/comments?post=42"}],"version-history":[{"count":41,"href":"https:\/\/harmoniser.fr\/wpav\/wp-json\/wp\/v2\/pages\/42\/revisions"}],"predecessor-version":[{"id":6416,"href":"https:\/\/harmoniser.fr\/wpav\/wp-json\/wp\/v2\/pages\/42\/revisions\/6416"}],"wp:attachment":[{"href":"https:\/\/harmoniser.fr\/wpav\/wp-json\/wp\/v2\/media?parent=42"}],"curies":[{"name":"wp","href":"https:\/\/api.w.org\/{rel}","templated":true}]}}