{"id":3149,"date":"2024-10-29T16:13:32","date_gmt":"2024-10-29T15:13:32","guid":{"rendered":"http:\/\/p3013.webmo.me\/wpav\/?post_type=product&#038;p=3149"},"modified":"2025-11-19T14:55:53","modified_gmt":"2025-11-19T13:55:53","slug":"kit-m-n","status":"publish","type":"product","link":"https:\/\/harmoniser.fr\/wpav\/produit\/kit-m-n\/","title":{"rendered":"KiT-M1"},"content":{"rendered":"<p>Assortiment essentiel de dispositifs qui agissent en synergie au niveau de l&#8217;arriv\u00e9e d&#8217;\u00e9lectricit\u00e9, l&#8217;arriv\u00e9e d&#8217;eau et la mise \u00e0 la terre.<\/p>\n<ul>\n<li>1 x AVL-85 pour le tableau \u00e9lectrique<\/li>\n<li>1 x AVM-TR pour le c\u00e2ble de mise \u00e0 la terre<\/li>\n<li>1 x AVM-E1 pour l&#8217;arriv\u00e9e d&#8217;eau<\/li>\n<li>1 x AVR-LP pour le compteur \u00e9lectrique<\/li>\n<\/ul>\n<p>Ils sont n\u00e9cessaires dans la plupart des maisons et doivent \u00eatre compl\u00e9t\u00e9s par des harmonisateurs pour des \u00e9quipements sp\u00e9cifiques (box WiFi &#8211; chauffage &#8211; production d&#8217;eau chaude &#8230;).<\/p>\n<p>Ces 4 dispositifs agissent en synergie et doivent \u00eatre install\u00e9s par une personne ayant \u00e9t\u00e9 form\u00e9e pour intervenir, et qui peut d\u00e9tecter l&#8217;action des harmonisateurs en place.<\/p>\n","protected":false},"excerpt":{"rendered":"<p>Kit de base pour une maison standard.<\/p>\n<p>&nbsp;<\/p>\n","protected":false},"featured_media":4773,"template":"","meta":{"site-sidebar-layout":"default","site-content-layout":"","ast-site-content-layout":"default","site-content-style":"default","site-sidebar-style":"default","ast-global-header-display":"","ast-banner-title-visibility":"","ast-main-header-display":"","ast-hfb-above-header-display":"","ast-hfb-below-header-display":"","ast-hfb-mobile-header-display":"","site-post-title":"","ast-breadcrumbs-content":"","ast-featured-img":"","footer-sml-layout":"","theme-transparent-header-meta":"default","adv-header-id-meta":"","stick-header-meta":"","header-above-stick-meta":"","header-main-stick-meta":"","header-below-stick-meta":"","astra-migrate-meta-layouts":"set","ast-page-background-enabled":"default","ast-page-background-meta":{"desktop":{"background-color":"var(--ast-global-color-5)","background-image":"","background-repeat":"repeat","background-position":"center center","background-size":"auto","background-attachment":"scroll","background-type":"","background-media":"","overlay-type":"","overlay-color":"","overlay-opacity":"","overlay-gradient":""},"tablet":{"background-color":"","background-image":"","background-repeat":"repeat","background-position":"center center","background-size":"auto","background-attachment":"scroll","background-type":"","background-media":"","overlay-type":"","overlay-color":"","overlay-opacity":"","overlay-gradient":""},"mobile":{"background-color":"","background-image":"","background-repeat":"repeat","background-position":"center center","background-size":"auto","background-attachment":"scroll","background-type":"","background-media":"","overlay-type":"","overlay-color":"","overlay-opacity":"","overlay-gradient":""}},"ast-content-background-meta":{"desktop":{"background-color":"var(--ast-global-color-4)","background-image":"","background-repeat":"repeat","background-position":"center center","background-size":"auto","background-attachment":"scroll","background-type":"","background-media":"","overlay-type":"","overlay-color":"","overlay-opacity":"","overlay-gradient":""},"tablet":{"background-color":"var(--ast-global-color-4)","background-image":"","background-repeat":"repeat","background-position":"center center","background-size":"auto","background-attachment":"scroll","background-type":"","background-media":"","overlay-type":"","overlay-color":"","overlay-opacity":"","overlay-gradient":""},"mobile":{"background-color":"var(--ast-global-color-4)","background-image":"","background-repeat":"repeat","background-position":"center center","background-size":"auto","background-attachment":"scroll","background-type":"","background-media":"","overlay-type":"","overlay-color":"","overlay-opacity":"","overlay-gradient":""}}},"product_brand":[],"product_cat":[51],"product_tag":[],"class_list":{"0":"post-3149","1":"product","2":"type-product","3":"status-publish","4":"has-post-thumbnail","6":"product_cat-harmonisateurs-pour-les-habitations","7":"desktop-align-left","8":"tablet-align-left","9":"mobile-align-left","11":"first","12":"instock","13":"taxable","14":"shipping-taxable","15":"purchasable","16":"product-type-simple"},"_links":{"self":[{"href":"https:\/\/harmoniser.fr\/wpav\/wp-json\/wp\/v2\/product\/3149","targetHints":{"allow":["GET"]}}],"collection":[{"href":"https:\/\/harmoniser.fr\/wpav\/wp-json\/wp\/v2\/product"}],"about":[{"href":"https:\/\/harmoniser.fr\/wpav\/wp-json\/wp\/v2\/types\/product"}],"wp:featuredmedia":[{"embeddable":true,"href":"https:\/\/harmoniser.fr\/wpav\/wp-json\/wp\/v2\/media\/4773"}],"wp:attachment":[{"href":"https:\/\/harmoniser.fr\/wpav\/wp-json\/wp\/v2\/media?parent=3149"}],"wp:term":[{"taxonomy":"product_brand","embeddable":true,"href":"https:\/\/harmoniser.fr\/wpav\/wp-json\/wp\/v2\/product_brand?post=3149"},{"taxonomy":"product_cat","embeddable":true,"href":"https:\/\/harmoniser.fr\/wpav\/wp-json\/wp\/v2\/product_cat?post=3149"},{"taxonomy":"product_tag","embeddable":true,"href":"https:\/\/harmoniser.fr\/wpav\/wp-json\/wp\/v2\/product_tag?post=3149"}],"curies":[{"name":"wp","href":"https:\/\/api.w.org\/{rel}","templated":true}]}}